{"id":1704,"date":"2018-04-24T20:13:41","date_gmt":"2018-04-24T18:13:41","guid":{"rendered":"http:\/\/www.lesamisdelaigle.com\/?page_id=1704"},"modified":"2025-10-23T17:27:22","modified_gmt":"2025-10-23T15:27:22","slug":"bibliotheque-2","status":"publish","type":"page","link":"https:\/\/www.lesamisdelaigle.com\/?page_id=1704","title":{"rendered":"Biblioth\u00e8que"},"content":{"rendered":"\n<p>Notre association dispose d&rsquo;un fonds documentaire qui est la propri\u00e9t\u00e9 de tous ses membres.<\/p>\n\n\n\n<p>Ces ouvrages, dont la liste s&rsquo;enrichit r\u00e9guli\u00e8rement, peuvent \u00eatre emprunt\u00e9s par tout membre \u00e0 jour de sa cotisation.<\/p>\n\n\n\n<p>Vous pouvez en faire la demande lors des <a href=\"https:\/\/www.lesamisdelaigle.com\/?p=4593\" data-type=\"link\" data-id=\"https:\/\/www.lesamisdelaigle.com\/?p=4593\"><strong>permanences <\/strong><\/a>des Amis de L&rsquo;Aigle ( M\u00e9diath\u00e8que des Tanneurs premier \u00e9tage) ou l&rsquo;ouvrage sera retir\u00e9 puis rapport\u00e9.<\/p>\n\n\n\n<p><a href=\"https:\/\/www.lesamisdelaigle.com\/?p=2971\">Biblioth\u00e8que de l&rsquo;association<\/a><\/p>\n\n\n\n<p><a href=\"https:\/\/www.lesamisdelaigle.com\/?p=3059\">Sommaires des bulletins des Amis de L&rsquo;Aigle<\/a><\/p>\n","protected":false},"excerpt":{"rendered":"<p>Notre association dispose d&rsquo;un fonds documentaire qui est la propri\u00e9t\u00e9 de tous ses membres. Ces ouvrages, dont la liste s&rsquo;enrichit r\u00e9guli\u00e8rement, peuvent \u00eatre emprunt\u00e9s par tout membre \u00e0 jour de sa cotisation. Vous pouvez en faire la demande lors des permanences des Amis de L&rsquo;Aigle ( M\u00e9diath\u00e8que des Tanneurs premier \u00e9tage) ou l&rsquo;ouvrage sera retir\u00e9 [&hellip;]<\/p>\n","protected":false},"author":1,"featured_media":0,"parent":0,"menu_order":3,"comment_status":"closed","ping_status":"closed","template":"","meta":{"footnotes":""},"class_list":["post-1704","page","type-page","status-publish","hentry"],"_links":{"self":[{"href":"https:\/\/www.lesamisdelaigle.com\/index.php?rest_route=\/wp\/v2\/pages\/1704","targetHints":{"allow":["GET"]}}],"collection":[{"href":"https:\/\/www.lesamisdelaigle.com\/index.php?rest_route=\/wp\/v2\/pages"}],"about":[{"href":"https:\/\/www.lesamisdelaigle.com\/index.php?rest_route=\/wp\/v2\/types\/page"}],"author":[{"embeddable":true,"href":"https:\/\/www.lesamisdelaigle.com\/index.php?rest_route=\/wp\/v2\/users\/1"}],"replies":[{"embeddable":true,"href":"https:\/\/www.lesamisdelaigle.com\/index.php?rest_route=%2Fwp%2Fv2%2Fcomments&post=1704"}],"version-history":[{"count":37,"href":"https:\/\/www.lesamisdelaigle.com\/index.php?rest_route=\/wp\/v2\/pages\/1704\/revisions"}],"predecessor-version":[{"id":4659,"href":"https:\/\/www.lesamisdelaigle.com\/index.php?rest_route=\/wp\/v2\/pages\/1704\/revisions\/4659"}],"wp:attachment":[{"href":"https:\/\/www.lesamisdelaigle.com\/index.php?rest_route=%2Fwp%2Fv2%2Fmedia&parent=1704"}],"curies":[{"name":"wp","href":"https:\/\/api.w.org\/{rel}","templated":true}]}}