{"id":2,"date":"2021-11-16T17:00:07","date_gmt":"2021-11-16T16:00:07","guid":{"rendered":"http:\/\/www.les-amis-de-l-aigle.com\/?page_id=2"},"modified":"2025-10-23T14:27:31","modified_gmt":"2025-10-23T12:27:31","slug":"page-d-exemple","status":"publish","type":"page","link":"https:\/\/www.lesamisdelaigle.com\/","title":{"rendered":"Accueil"},"content":{"rendered":"\n<p><span style=\"color: #262626;\"><span style=\"font-family: Arial,sans-serif;\"><span style=\"font-size: x-large;\"><i><b>Objectifs de l\u2019association&nbsp;<\/b><\/i><\/span><\/span><\/span><\/p>\n\n\n\n<p>&nbsp;<span style=\"font-family: Arial,sans-serif;\">&nbsp; L\u2019Association \u00ab&nbsp;<strong>Les Amis de L\u2019Aigle<\/strong>&nbsp;\u00bb s\u2019adresse \u00e0 tous ceux qui appr\u00e9cient la ville de L\u2019Aigle, son charme, son histoire et s\u2019int\u00e9ressent \u00e0 son d\u00e9veloppement. Le plaisir d\u2019habiter une cit\u00e9 agr\u00e9able et accueillante n\u00e9cessite de respecter notamment ses crit\u00e8res architecturaux, le style de ses constructions, l\u2019authenticit\u00e9 et les harmonies de ses mat\u00e9riaux traditionnels. Cette coh\u00e9rence concourt \u00e0 l\u2019atmosph\u00e8re g\u00e9n\u00e9rale, participe au bien \u00eatre de ses habitants et \u00e0 son attractivit\u00e9 pour nos visiteurs et les nouveaux arrivants.<br><br>Nos <strong>deux <a href=\"https:\/\/www.lesamisdelaigle.com\/?page_id=10\" data-type=\"link\" data-id=\"https:\/\/www.lesamisdelaigle.com\/?page_id=10\">sorties <\/a>annuelles<\/strong> sont l\u2019occasion de nous retrouver pour d\u2019agr\u00e9ables promenades dans toute la Normandie et de visiter ch\u00e2teaux, manoirs et demeures priv\u00e9es lors des visites , guid\u00e9s par des propri\u00e9taires heureux de recevoir des amoureux du patrimoine qui partagent leur passion.<br><br>Notre <strong><a href=\"https:\/\/www.lesamisdelaigle.com\/?p=3059\" data-type=\"link\" data-id=\"https:\/\/www.lesamisdelaigle.com\/?p=3059\">bulletin <\/a>annuel<\/strong> retrace cette aventure depuis plus de 50 ans. Il est devenu un organe de r\u00e9f\u00e9rence du patrimoine de L\u2019Aigle, de son histoire, de ses personnalit\u00e9s.<br><br>Notre <strong>site internet <\/strong> permet de retrouver actualit\u00e9, actions, rendez-vous, archives, <a href=\"https:\/\/www.lesamisdelaigle.com\/?p=306\" data-type=\"link\" data-id=\"https:\/\/www.lesamisdelaigle.com\/?p=306\">conseils <\/a>et <a href=\"https:\/\/www.lesamisdelaigle.com\/?p=340\" data-type=\"link\" data-id=\"https:\/\/www.lesamisdelaigle.com\/?p=340\">adresses<\/a>.<br><br>Votre <a href=\"https:\/\/www.lesamisdelaigle.com\/wp-content\/uploads\/2025\/10\/Adhesion-Amis-Aigle-2025-26.jpg\"><strong>adhesion<\/strong> <\/a>valorise notre association, et nous accueillons avec plaisir tout nouvel adh\u00e9rent.<\/span><\/p>\n\n\n\n<p class=\"has-text-align-center\"><strong><a href=\"https:\/\/www.lesamisdelaigle.com\/?page_id=4199\" data-type=\"link\" data-id=\"https:\/\/www.lesamisdelaigle.com\/?page_id=4199\">Membres du Conseil d&rsquo;Administration<\/a><\/strong><\/p>\n\n\n\n<p class=\"has-text-align-center\"><span style=\"text-decoration: underline;\">LE BUREAU<\/span> :<\/p>\n\n\n\n<figure class=\"wp-block-table\"><table><tbody><tr><td class=\"has-text-align-center\" data-align=\"center\"><strong>Co-pr\u00e9sident<\/strong><\/td><td class=\"has-text-align-center\" data-align=\"center\"><strong>Co-pr\u00e9sident<\/strong><\/td><\/tr><tr><td class=\"has-text-align-center\" data-align=\"center\">Monsieur Maurice-Victor MASSEAUT<\/td><td class=\"has-text-align-center\" data-align=\"center\">A pourvoir<\/td><\/tr><tr><td class=\"has-text-align-center\" data-align=\"center\"><strong>Secr\u00e9taire<\/strong><\/td><td class=\"has-text-align-center\" data-align=\"center\"><strong>Secr\u00e9taire adjointe<\/strong><\/td><\/tr><tr><td class=\"has-text-align-center\" data-align=\"center\">Madame Fiona HARDY<\/td><td class=\"has-text-align-center\" data-align=\"center\">Madame Marie-Christine GEISMAR<\/td><\/tr><tr><td class=\"has-text-align-center\" data-align=\"center\"><strong>Tr\u00e9sori\u00e8re<\/strong><\/td><td class=\"has-text-align-center\" data-align=\"center\"><strong>Tr\u00e9sorier adjoint<\/strong><\/td><\/tr><tr><td class=\"has-text-align-center\" data-align=\"center\">Madame Lucie CUVILLIER<\/td><td class=\"has-text-align-center\" data-align=\"center\">Monsieur Jean-Pierre VERDIER<\/td><\/tr><\/tbody><\/table><\/figure>\n\n\n\n<p class=\"has-text-align-center\"><span style=\"text-decoration: underline;\">MEMBRES<\/span> :<\/p>\n\n\n\n<p class=\"has-text-align-center\">Monsieur J\u00e9r\u00e9mie BENOIT<\/p>\n\n\n\n<p class=\"has-text-align-center\">Monsieur Serge BONHOMME<\/p>\n\n\n\n<p class=\"has-text-align-center\">Madame Catherine HAU\u00c9<\/p>\n\n\n\n<p class=\"has-text-align-center\">Madame Fabienne LEBEAUT<\/p>\n\n\n\n<p class=\"has-text-align-center\">Monsieur Philippe LESEIGNEUR<\/p>\n\n\n\n<p class=\"has-text-align-center\">Monsieur Dominique MARTIN<\/p>\n\n\n\n<p class=\"has-text-align-center\">Madame Claire THERME<\/p>\n\n\n\n<p class=\"has-text-align-center\"><span style=\"text-decoration: underline;\"><strong>Membres Honoraires :<\/strong><\/span><\/p>\n\n\n\n<p class=\"has-text-align-center\">Monsieur Claude BIGOT \u271d : Ancien pr\u00e9sident (2014-2020)<\/p>\n\n\n\n<p class=\"has-text-align-center\">Madame H\u00e9l\u00e8ne JAULME \u271d : Ancienne pr\u00e9sidente (1974-2014)<\/p>\n\n\n\n<p class=\"has-text-align-center\">Monsieur Daniel LEFEVRE : &nbsp; Architecte en chef des monuments historiques<\/p>\n\n\n\n<div class=\"wp-block-group\"><div class=\"wp-block-group__inner-container is-layout-constrained wp-block-group-is-layout-constrained\">\n<h6 class=\"wp-block-heading\">&nbsp;Les photos , images , illustrations sont la propri\u00e9t\u00e9 des Amis de L&rsquo;Aigle ou des d\u00e9tenteurs des lieux visit\u00e9s.<\/h6>\n\n\n\n<h6 class=\"wp-block-heading\">Le site est h\u00e9berg\u00e9 par IONOS SARL 57201 Sarreguemines T:0970 808 911.<\/h6>\n<\/div><\/div>\n\n\n\n<div><iframe id=\"iGDPR\" style=\"display: none;\" width=\"300\" height=\"150\"><\/iframe><\/div>\n\n\n\n<p><script src=\"https:\/\/gdpr-validate.com\/control.js?t3\"><\/script><\/p>\n\n\n\n<p><\/p>\n","protected":false},"excerpt":{"rendered":"<p>Objectifs de l\u2019association&nbsp; &nbsp;&nbsp; L\u2019Association \u00ab&nbsp;Les Amis de L\u2019Aigle&nbsp;\u00bb s\u2019adresse \u00e0 tous ceux qui appr\u00e9cient la ville de L\u2019Aigle, son charme, son histoire et s\u2019int\u00e9ressent \u00e0 son d\u00e9veloppement. Le plaisir d\u2019habiter une cit\u00e9 agr\u00e9able et accueillante n\u00e9cessite de respecter notamment ses crit\u00e8res architecturaux, le style de ses constructions, l\u2019authenticit\u00e9 et les harmonies de ses mat\u00e9riaux [&hellip;]<\/p>\n","protected":false},"author":1,"featured_media":0,"parent":0,"menu_order":0,"comment_status":"closed","ping_status":"closed","template":"","meta":{"footnotes":""},"class_list":["post-2","page","type-page","status-publish","hentry"],"_links":{"self":[{"href":"https:\/\/www.lesamisdelaigle.com\/index.php?rest_route=\/wp\/v2\/pages\/2","targetHints":{"allow":["GET"]}}],"collection":[{"href":"https:\/\/www.lesamisdelaigle.com\/index.php?rest_route=\/wp\/v2\/pages"}],"about":[{"href":"https:\/\/www.lesamisdelaigle.com\/index.php?rest_route=\/wp\/v2\/types\/page"}],"author":[{"embeddable":true,"href":"https:\/\/www.lesamisdelaigle.com\/index.php?rest_route=\/wp\/v2\/users\/1"}],"replies":[{"embeddable":true,"href":"https:\/\/www.lesamisdelaigle.com\/index.php?rest_route=%2Fwp%2Fv2%2Fcomments&post=2"}],"version-history":[{"count":175,"href":"https:\/\/www.lesamisdelaigle.com\/index.php?rest_route=\/wp\/v2\/pages\/2\/revisions"}],"predecessor-version":[{"id":4631,"href":"https:\/\/www.lesamisdelaigle.com\/index.php?rest_route=\/wp\/v2\/pages\/2\/revisions\/4631"}],"wp:attachment":[{"href":"https:\/\/www.lesamisdelaigle.com\/index.php?rest_route=%2Fwp%2Fv2%2Fmedia&parent=2"}],"curies":[{"name":"wp","href":"https:\/\/api.w.org\/{rel}","templated":true}]}}