{"id":2900,"date":"2021-03-28T18:27:32","date_gmt":"2021-03-28T18:27:32","guid":{"rendered":"http:\/\/www.lesamisdelaigle.com\/?page_id=2900"},"modified":"2025-03-15T20:16:20","modified_gmt":"2025-03-15T19:16:20","slug":"articles-2","status":"publish","type":"page","link":"https:\/\/www.lesamisdelaigle.com\/?page_id=2900","title":{"rendered":"Les articles"},"content":{"rendered":"\n<h2 class=\"wp-block-heading\">Les articles<\/h2>\n\n\n\n<h3 class=\"wp-block-heading has-medium-font-size\">1 &#8211; <a href=\"https:\/\/www.lesamisdelaigle.com\/?page_id=3976\" data-type=\"page\" data-id=\"3976\">Liste des articles parus dans les derniers bulletins<\/a><\/h3>\n\n\n\n<h3 class=\"wp-block-heading has-medium-font-size\">2 &#8211; Les articles en ligne :<\/h3>\n\n\n\n<p><a href=\"https:\/\/www.lesamisdelaigle.com\/?p=4463\" data-type=\"post\" data-id=\"4463\">Les Bergeronnettes<\/a> par J\u00e9r\u00e9mie Benoit<\/p>\n\n\n\n<p><a href=\"https:\/\/www.lesamisdelaigle.com\/?p=1919\">Le Pays d&rsquo;Ouche <\/a><\/p>\n\n\n\n<p><a href=\"https:\/\/www.lesamisdelaigle.com\/?p=1880\">Pays d&rsquo;Ouche (nouvelles)<\/a> Jean de La Varende<\/p>\n\n\n\n<p><a href=\"https:\/\/www.lesamisdelaigle.com\/?p=1779\">Jean-Baptiste Biot&nbsp;&nbsp; <\/a>(Auteur d&rsquo;un rapport sur la m\u00e9t\u00e9orite de L&rsquo;Aigle)<\/p>\n\n\n\n<p><a href=\"https:\/\/www.lesamisdelaigle.com\/?p=1953\">Enqu\u00eate de Jean-Baptiste Biot en 1803, sur l\u2019origine extra-terrestre des m\u00e9t\u00e9orites&nbsp; <\/a> par Alexandre MOATTI<\/p>\n\n\n\n<p><a href=\"https:\/\/www.lesamisdelaigle.com\/?p=1340\">Charles M\u00e9rouvel&nbsp;&nbsp;&nbsp;&nbsp; <\/a>Texte de Jean-Luc PAULHE<\/p>\n\n\n\n<p><a href=\"https:\/\/www.lesamisdelaigle.com\/?p=150\">La comtesse de S\u00e9gur et l\u2019apparition du chemin de fer&nbsp;&nbsp;&nbsp;&nbsp; <\/a>Extraits d\u2019un Essai \u00e9crit par Jean-Claude MARTIN<\/p>\n\n\n\n<p><a href=\"https:\/\/www.lesamisdelaigle.com\/?p=1045\">Le Docteur Ludovic Blaizot &nbsp; &nbsp;&nbsp; <\/a>Par Lucie CUVILLIER (petite-ni\u00e8ce du Docteur Ludovic Blaizot)<\/p>\n\n\n\n<p><a href=\"https:\/\/www.lesamisdelaigle.com\/?p=376\">L&rsquo;Aigle au XVIII\u00e8me si\u00e8cle&nbsp;&nbsp;&nbsp;&nbsp;&nbsp; <\/a>Texte de Marie H\u00e9l\u00e8ne SINCE<\/p>\n","protected":false},"excerpt":{"rendered":"<p>Les articles 1 &#8211; Liste des articles parus dans les derniers bulletins 2 &#8211; Les articles en ligne : Les Bergeronnettes par J\u00e9r\u00e9mie Benoit Le Pays d&rsquo;Ouche Pays d&rsquo;Ouche (nouvelles) Jean de La Varende Jean-Baptiste Biot&nbsp;&nbsp; (Auteur d&rsquo;un rapport sur la m\u00e9t\u00e9orite de L&rsquo;Aigle) Enqu\u00eate de Jean-Baptiste Biot en 1803, sur l\u2019origine extra-terrestre des m\u00e9t\u00e9orites&nbsp; [&hellip;]<\/p>\n","protected":false},"author":1,"featured_media":0,"parent":0,"menu_order":0,"comment_status":"closed","ping_status":"open","template":"","meta":{"footnotes":""},"class_list":["post-2900","page","type-page","status-publish","hentry"],"_links":{"self":[{"href":"https:\/\/www.lesamisdelaigle.com\/index.php?rest_route=\/wp\/v2\/pages\/2900","targetHints":{"allow":["GET"]}}],"collection":[{"href":"https:\/\/www.lesamisdelaigle.com\/index.php?rest_route=\/wp\/v2\/pages"}],"about":[{"href":"https:\/\/www.lesamisdelaigle.com\/index.php?rest_route=\/wp\/v2\/types\/page"}],"author":[{"embeddable":true,"href":"https:\/\/www.lesamisdelaigle.com\/index.php?rest_route=\/wp\/v2\/users\/1"}],"replies":[{"embeddable":true,"href":"https:\/\/www.lesamisdelaigle.com\/index.php?rest_route=%2Fwp%2Fv2%2Fcomments&post=2900"}],"version-history":[{"count":18,"href":"https:\/\/www.lesamisdelaigle.com\/index.php?rest_route=\/wp\/v2\/pages\/2900\/revisions"}],"predecessor-version":[{"id":4485,"href":"https:\/\/www.lesamisdelaigle.com\/index.php?rest_route=\/wp\/v2\/pages\/2900\/revisions\/4485"}],"wp:attachment":[{"href":"https:\/\/www.lesamisdelaigle.com\/index.php?rest_route=%2Fwp%2Fv2%2Fmedia&parent=2900"}],"curies":[{"name":"wp","href":"https:\/\/api.w.org\/{rel}","templated":true}]}}