{"id":3520,"date":"2023-02-04T17:13:04","date_gmt":"2023-02-04T16:13:04","guid":{"rendered":"http:\/\/www.lesamisdelaigle.com\/?page_id=3520"},"modified":"2023-03-11T20:16:09","modified_gmt":"2023-03-11T19:16:09","slug":"assemblee-generale-2023","status":"publish","type":"page","link":"https:\/\/www.lesamisdelaigle.com\/?page_id=3520","title":{"rendered":"Assembl\u00e9e g\u00e9n\u00e9rale 2023"},"content":{"rendered":"\n<figure class=\"wp-block-image size-large\"><img loading=\"lazy\" decoding=\"async\" width=\"724\" height=\"1024\" src=\"https:\/\/www.lesamisdelaigle.com\/wp-content\/uploads\/2023\/03\/3-Mot-des-Vice-Presidents2-12-jpg-724x1024.jpg\" alt=\"\" class=\"wp-image-3612\" srcset=\"https:\/\/www.lesamisdelaigle.com\/wp-content\/uploads\/2023\/03\/3-Mot-des-Vice-Presidents2-12-jpg-724x1024.jpg 724w, https:\/\/www.lesamisdelaigle.com\/wp-content\/uploads\/2023\/03\/3-Mot-des-Vice-Presidents2-12-jpg-212x300.jpg 212w, https:\/\/www.lesamisdelaigle.com\/wp-content\/uploads\/2023\/03\/3-Mot-des-Vice-Presidents2-12-jpg-768x1086.jpg 768w, https:\/\/www.lesamisdelaigle.com\/wp-content\/uploads\/2023\/03\/3-Mot-des-Vice-Presidents2-12-jpg-1086x1536.jpg 1086w, https:\/\/www.lesamisdelaigle.com\/wp-content\/uploads\/2023\/03\/3-Mot-des-Vice-Presidents2-12-jpg-1448x2048.jpg 1448w, https:\/\/www.lesamisdelaigle.com\/wp-content\/uploads\/2023\/03\/3-Mot-des-Vice-Presidents2-12-jpg-scaled.jpg 1810w\" sizes=\"auto, (max-width: 724px) 100vw, 724px\" \/><\/figure>\n\n\n\n<figure class=\"wp-block-image size-large\"><img loading=\"lazy\" decoding=\"async\" width=\"724\" height=\"1024\" src=\"https:\/\/www.lesamisdelaigle.com\/wp-content\/uploads\/2023\/03\/3-Mot-des-Vice-Presidents2-22-jpg-724x1024.jpg\" alt=\"\" class=\"wp-image-3613\" srcset=\"https:\/\/www.lesamisdelaigle.com\/wp-content\/uploads\/2023\/03\/3-Mot-des-Vice-Presidents2-22-jpg-724x1024.jpg 724w, https:\/\/www.lesamisdelaigle.com\/wp-content\/uploads\/2023\/03\/3-Mot-des-Vice-Presidents2-22-jpg-212x300.jpg 212w, https:\/\/www.lesamisdelaigle.com\/wp-content\/uploads\/2023\/03\/3-Mot-des-Vice-Presidents2-22-jpg-768x1086.jpg 768w, https:\/\/www.lesamisdelaigle.com\/wp-content\/uploads\/2023\/03\/3-Mot-des-Vice-Presidents2-22-jpg-1086x1536.jpg 1086w, https:\/\/www.lesamisdelaigle.com\/wp-content\/uploads\/2023\/03\/3-Mot-des-Vice-Presidents2-22-jpg-1448x2048.jpg 1448w, https:\/\/www.lesamisdelaigle.com\/wp-content\/uploads\/2023\/03\/3-Mot-des-Vice-Presidents2-22-jpg-scaled.jpg 1810w\" sizes=\"auto, (max-width: 724px) 100vw, 724px\" \/><\/figure>\n","protected":false},"excerpt":{"rendered":"","protected":false},"author":1,"featured_media":0,"parent":0,"menu_order":0,"comment_status":"closed","ping_status":"closed","template":"","meta":{"footnotes":""},"class_list":["post-3520","page","type-page","status-publish","hentry"],"_links":{"self":[{"href":"https:\/\/www.lesamisdelaigle.com\/index.php?rest_route=\/wp\/v2\/pages\/3520","targetHints":{"allow":["GET"]}}],"collection":[{"href":"https:\/\/www.lesamisdelaigle.com\/index.php?rest_route=\/wp\/v2\/pages"}],"about":[{"href":"https:\/\/www.lesamisdelaigle.com\/index.php?rest_route=\/wp\/v2\/types\/page"}],"author":[{"embeddable":true,"href":"https:\/\/www.lesamisdelaigle.com\/index.php?rest_route=\/wp\/v2\/users\/1"}],"replies":[{"embeddable":true,"href":"https:\/\/www.lesamisdelaigle.com\/index.php?rest_route=%2Fwp%2Fv2%2Fcomments&post=3520"}],"version-history":[{"count":3,"href":"https:\/\/www.lesamisdelaigle.com\/index.php?rest_route=\/wp\/v2\/pages\/3520\/revisions"}],"predecessor-version":[{"id":3614,"href":"https:\/\/www.lesamisdelaigle.com\/index.php?rest_route=\/wp\/v2\/pages\/3520\/revisions\/3614"}],"wp:attachment":[{"href":"https:\/\/www.lesamisdelaigle.com\/index.php?rest_route=%2Fwp%2Fv2%2Fmedia&parent=3520"}],"curies":[{"name":"wp","href":"https:\/\/api.w.org\/{rel}","templated":true}]}}