{"id":4199,"date":"2024-03-22T10:01:02","date_gmt":"2024-03-22T09:01:02","guid":{"rendered":"https:\/\/www.lesamisdelaigle.com\/?page_id=4199"},"modified":"2025-10-23T14:30:20","modified_gmt":"2025-10-23T12:30:20","slug":"accueil","status":"publish","type":"page","link":"https:\/\/www.lesamisdelaigle.com\/?page_id=4199","title":{"rendered":"Administration"},"content":{"rendered":"\n<p><\/p>\n\n\n\n<h1 class=\"wp-block-heading has-text-align-center\"><em><strong>Objectifs de l\u2019association&nbsp;<\/strong><\/em><\/h1>\n\n\n\n<p>\u00a0\u00a0 L\u2019Association \u00ab\u00a0<strong>Les Amis de L\u2019Aigle<\/strong>\u00a0\u00bb s\u2019adresse \u00e0 tous ceux qui appr\u00e9cient la ville de L\u2019Aigle, son charme, son histoire et s\u2019int\u00e9ressent \u00e0 son d\u00e9veloppement. Le plaisir d\u2019habiter une cit\u00e9 agr\u00e9able et accueillante n\u00e9cessite de respecter notamment ses crit\u00e8res architecturaux, le style de ses constructions, l\u2019authenticit\u00e9 et les harmonies de ses mat\u00e9riaux traditionnels. Cette coh\u00e9rence concourt \u00e0 l\u2019atmosph\u00e8re g\u00e9n\u00e9rale, participe au bien \u00eatre de ses habitants et \u00e0 son attractivit\u00e9 pour nos visiteurs et les nouveaux arrivants.<br>Nos <strong>deux sorties annuelles<\/strong> sont l\u2019occasion de nous retrouver pour d\u2019agr\u00e9ables promenades dans toute la Normandie et de visiter ch\u00e2teaux, manoirs et demeures priv\u00e9es lors des visites , guid\u00e9s par des propri\u00e9taires heureux de recevoir des amoureux du patrimoine qui partagent leur passion.<br>Notre <strong>bulletin annuel<\/strong> retrace cette aventure depuis plus de 50 ans. Il est devenu un organe de r\u00e9f\u00e9rence du patrimoine de L\u2019Aigle, de son histoire, de ses personnalit\u00e9s.<br>Notre <strong>site internet<\/strong> permet de retrouver actualit\u00e9, actions, rendez-vous, archives, conseils et adresses.<br>Votre <strong>adh\u00e9sion<\/strong> valorise notre association, et nous accueillons avec plaisir tout nouvel adh\u00e9rent.<\/p>\n\n\n\n<h3 class=\"wp-block-heading has-text-align-center\"><strong>Membres du Conseil d&rsquo;Administration<\/strong><\/h3>\n\n\n\n<h3 class=\"wp-block-heading has-text-align-center\">Le bureau<\/h3>\n\n\n\n<h4 class=\"wp-block-heading has-text-align-center\"><strong>Les co-pr\u00e9sidents<\/strong><\/h4>\n\n\n\n<figure class=\"wp-block-gallery has-nested-images columns-default is-cropped wp-block-gallery-1 is-layout-flex wp-block-gallery-is-layout-flex\">\n<figure class=\"wp-block-image size-large\"><img loading=\"lazy\" decoding=\"async\" width=\"768\" height=\"1024\" data-id=\"4266\" src=\"https:\/\/www.lesamisdelaigle.com\/wp-content\/uploads\/2024\/10\/IMG_1222-768x1024.jpg\" alt=\"\" class=\"wp-image-4266\" srcset=\"https:\/\/www.lesamisdelaigle.com\/wp-content\/uploads\/2024\/10\/IMG_1222-768x1024.jpg 768w, https:\/\/www.lesamisdelaigle.com\/wp-content\/uploads\/2024\/10\/IMG_1222-225x300.jpg 225w, https:\/\/www.lesamisdelaigle.com\/wp-content\/uploads\/2024\/10\/IMG_1222-1152x1536.jpg 1152w, https:\/\/www.lesamisdelaigle.com\/wp-content\/uploads\/2024\/10\/IMG_1222-1536x2048.jpg 1536w, https:\/\/www.lesamisdelaigle.com\/wp-content\/uploads\/2024\/10\/IMG_1222-scaled.jpg 1920w\" sizes=\"auto, (max-width: 768px) 100vw, 768px\" \/><figcaption class=\"wp-element-caption\">Maurice-Victor MASSEAUT<\/figcaption><\/figure>\n\n\n\n<figure class=\"wp-block-image size-full wp-duotone-dark-grayscale\"><img loading=\"lazy\" decoding=\"async\" width=\"474\" height=\"474\" data-id=\"4103\" src=\"https:\/\/www.lesamisdelaigle.com\/wp-content\/uploads\/2023\/12\/Image-silhouette.jpg\" alt=\"\" class=\"wp-image-4103\" srcset=\"https:\/\/www.lesamisdelaigle.com\/wp-content\/uploads\/2023\/12\/Image-silhouette.jpg 474w, https:\/\/www.lesamisdelaigle.com\/wp-content\/uploads\/2023\/12\/Image-silhouette-300x300.jpg 300w, https:\/\/www.lesamisdelaigle.com\/wp-content\/uploads\/2023\/12\/Image-silhouette-150x150.jpg 150w, https:\/\/www.lesamisdelaigle.com\/wp-content\/uploads\/2023\/12\/Image-silhouette-50x50.jpg 50w, https:\/\/www.lesamisdelaigle.com\/wp-content\/uploads\/2023\/12\/Image-silhouette-80x80.jpg 80w\" sizes=\"auto, (max-width: 474px) 100vw, 474px\" \/><figcaption class=\"wp-element-caption\">A pourvoir<\/figcaption><\/figure>\n<\/figure>\n\n\n\n<h4 class=\"wp-block-heading has-text-align-center\">La <strong>secr\u00e9taire<\/strong> et son adjointe<\/h4>\n\n\n\n<figure class=\"wp-block-gallery has-nested-images columns-default is-cropped wp-block-gallery-2 is-layout-flex wp-block-gallery-is-layout-flex\">\n<figure class=\"wp-block-image size-large\"><img loading=\"lazy\" decoding=\"async\" width=\"756\" height=\"904\" data-id=\"4108\" src=\"https:\/\/www.lesamisdelaigle.com\/wp-content\/uploads\/2023\/12\/FionaHardy.png\" alt=\"\" class=\"wp-image-4108\" srcset=\"https:\/\/www.lesamisdelaigle.com\/wp-content\/uploads\/2023\/12\/FionaHardy.png 756w, https:\/\/www.lesamisdelaigle.com\/wp-content\/uploads\/2023\/12\/FionaHardy-251x300.png 251w\" sizes=\"auto, (max-width: 756px) 100vw, 756px\" \/><figcaption class=\"wp-element-caption\">Fiona HARDY<\/figcaption><\/figure>\n\n\n\n<figure class=\"wp-block-image size-large\"><img loading=\"lazy\" decoding=\"async\" width=\"730\" height=\"1024\" data-id=\"2888\" src=\"https:\/\/www.lesamisdelaigle.com\/wp-content\/uploads\/2021\/03\/DSC_39281-730x1024.jpg\" alt=\"\" class=\"wp-image-2888\" srcset=\"https:\/\/www.lesamisdelaigle.com\/wp-content\/uploads\/2021\/03\/DSC_39281-730x1024.jpg 730w, https:\/\/www.lesamisdelaigle.com\/wp-content\/uploads\/2021\/03\/DSC_39281-214x300.jpg 214w, https:\/\/www.lesamisdelaigle.com\/wp-content\/uploads\/2021\/03\/DSC_39281.jpg 1363w\" sizes=\"auto, (max-width: 730px) 100vw, 730px\" \/><figcaption class=\"wp-element-caption\">Marie-Christine GEISMAR<\/figcaption><\/figure>\n<\/figure>\n\n\n\n<h4 class=\"wp-block-heading has-text-align-center\"><strong>La tr\u00e9sori\u00e8re et son adjoint<\/strong><\/h4>\n\n\n\n<figure class=\"wp-block-gallery has-nested-images columns-default is-cropped wp-block-gallery-3 is-layout-flex wp-block-gallery-is-layout-flex\">\n<figure class=\"wp-block-image size-large\"><img loading=\"lazy\" decoding=\"async\" width=\"614\" height=\"866\" data-id=\"1262\" src=\"https:\/\/www.lesamisdelaigle.com\/wp-content\/uploads\/2017\/03\/Lucie-Cuvillier-.jpg\" alt=\"\" class=\"wp-image-1262\" srcset=\"https:\/\/www.lesamisdelaigle.com\/wp-content\/uploads\/2017\/03\/Lucie-Cuvillier-.jpg 614w, https:\/\/www.lesamisdelaigle.com\/wp-content\/uploads\/2017\/03\/Lucie-Cuvillier--213x300.jpg 213w\" sizes=\"auto, (max-width: 614px) 100vw, 614px\" \/><figcaption class=\"wp-element-caption\">Lucie CUVILLIER<\/figcaption><\/figure>\n\n\n\n<figure class=\"wp-block-image size-large\"><img loading=\"lazy\" decoding=\"async\" width=\"208\" height=\"236\" data-id=\"3039\" src=\"https:\/\/www.lesamisdelaigle.com\/wp-content\/uploads\/2021\/11\/Jean-Pierre-Verdier.png\" alt=\"\" class=\"wp-image-3039\"\/><figcaption class=\"wp-element-caption\">Jean-Pierre VERDIER<\/figcaption><\/figure>\n<\/figure>\n\n\n\n<p class=\"has-text-align-center\"><strong><span style=\"text-decoration: underline;\">MEMBRES<\/span> <\/strong>:<\/p>\n\n\n\n<p class=\"has-text-align-center\">Monsieur J\u00e9r\u00e9mie BENOIT<\/p>\n\n\n\n<p class=\"has-text-align-center\">Monsieur Serge BONHOMME<\/p>\n\n\n\n<p class=\"has-text-align-center\">Madame Catherine HAU\u00c9<\/p>\n\n\n\n<p class=\"has-text-align-center\">Madame Fabienne LEBEAUT<\/p>\n\n\n\n<p class=\"has-text-align-center\">Monsieur Philippe LESEIGNEUR<\/p>\n\n\n\n<p class=\"has-text-align-center\">Monsieur Dominique MARTIN<\/p>\n\n\n\n<p class=\"has-text-align-center\">Madame Claire THERME<\/p>\n\n\n\n<p class=\"has-text-align-center\"><span style=\"text-decoration: underline;\"><strong>Membres Honoraires :<\/strong><\/span><\/p>\n\n\n\n<p class=\"has-text-align-center\">Monsieur Claude BIGOT \u271d : Ancien pr\u00e9sident (2014-2020)<\/p>\n\n\n\n<p class=\"has-text-align-center\">Madame H\u00e9l\u00e8ne JAULME \u271d : Ancienne pr\u00e9sidente (1974-2014)<\/p>\n\n\n\n<p class=\"has-text-align-center\">Monsieur Daniel LEFEVRE : &nbsp; Architecte en chef des monuments historiques<\/p>\n","protected":false},"excerpt":{"rendered":"<p>Objectifs de l\u2019association&nbsp; \u00a0\u00a0 L\u2019Association \u00ab\u00a0Les Amis de L\u2019Aigle\u00a0\u00bb s\u2019adresse \u00e0 tous ceux qui appr\u00e9cient la ville de L\u2019Aigle, son charme, son histoire et s\u2019int\u00e9ressent \u00e0 son d\u00e9veloppement. Le plaisir d\u2019habiter une cit\u00e9 agr\u00e9able et accueillante n\u00e9cessite de respecter notamment ses crit\u00e8res architecturaux, le style de ses constructions, l\u2019authenticit\u00e9 et les harmonies de ses mat\u00e9riaux [&hellip;]<\/p>\n","protected":false},"author":1,"featured_media":0,"parent":0,"menu_order":0,"comment_status":"closed","ping_status":"closed","template":"","meta":{"footnotes":""},"class_list":["post-4199","page","type-page","status-publish","hentry"],"_links":{"self":[{"href":"https:\/\/www.lesamisdelaigle.com\/index.php?rest_route=\/wp\/v2\/pages\/4199","targetHints":{"allow":["GET"]}}],"collection":[{"href":"https:\/\/www.lesamisdelaigle.com\/index.php?rest_route=\/wp\/v2\/pages"}],"about":[{"href":"https:\/\/www.lesamisdelaigle.com\/index.php?rest_route=\/wp\/v2\/types\/page"}],"author":[{"embeddable":true,"href":"https:\/\/www.lesamisdelaigle.com\/index.php?rest_route=\/wp\/v2\/users\/1"}],"replies":[{"embeddable":true,"href":"https:\/\/www.lesamisdelaigle.com\/index.php?rest_route=%2Fwp%2Fv2%2Fcomments&post=4199"}],"version-history":[{"count":12,"href":"https:\/\/www.lesamisdelaigle.com\/index.php?rest_route=\/wp\/v2\/pages\/4199\/revisions"}],"predecessor-version":[{"id":4633,"href":"https:\/\/www.lesamisdelaigle.com\/index.php?rest_route=\/wp\/v2\/pages\/4199\/revisions\/4633"}],"wp:attachment":[{"href":"https:\/\/www.lesamisdelaigle.com\/index.php?rest_route=%2Fwp%2Fv2%2Fmedia&parent=4199"}],"curies":[{"name":"wp","href":"https:\/\/api.w.org\/{rel}","templated":true}]}}